{"id":170,"date":"2018-10-06T12:17:32","date_gmt":"2018-10-06T12:17:32","guid":{"rendered":"https:\/\/petbunara.com\/terms-of-usage\/"},"modified":"2018-10-07T15:18:13","modified_gmt":"2018-10-07T15:18:13","slug":"uvjeti-koristenja","status":"publish","type":"page","link":"https:\/\/petbunara.com\/hr\/uvjeti-koristenja\/","title":{"rendered":"Uvjeti kori\u0161tenja"},"content":{"rendered":"<h4><b>Podaci korisnika i njihova sigurnost<\/b><\/h4>\n<hr \/>\n<p><span style=\"font-weight: 400;\">Na odre\u0111enim mjestima unutar web stranice i u odre\u0111eno vrijeme, Manifest d.o.o. \u0107e prikupljati osobne podatke korisnika. Ti podaci \u0107e se koristiti u svrhu kontakata i evidencije korisnika, te u svrhu statisti\u010dke obrade posje\u0107enosti web stranice. Manifest.d.o.o. jam\u010di da podatke koje prikupi na taj na\u010din ne\u0107e prodavati.<\/span><\/p>\n<p><span style=\"font-weight: 400;\">Ure\u0111ivanje i brisanje korisni\u010dkih podataka, te uklanjanje e-mail adresa iz mailing listi, mogu\u0107e je putem linkova za uklanjanje \/ ure\u0111ivanje podataka koji se nalaze u podno\u017eju svih promotivnih e-mailova tvrtke Manifest.d.o.o.. Za informacijama o njihovim podacima, korisnici se mogu obratiti putem e-mail adrese <\/span><a href=\"mailto:info@petbunara.com\"><span style=\"font-weight: 400;\"><span style=\"color: #70735e;\">info@petbunara.com<\/span><\/span><\/a><span style=\"font-weight: 400;\">, ili ih mogu pretra\u017eiti na sljede\u0107im linkovima:<\/span><\/p>\n<p><span style=\"color: #70735e;\"><a style=\"color: #70735e;\" href=\"https:\/\/petbunara.com\/find-your-data\/\"><span style=\"font-weight: 400;\">https:\/\/petbunara.com\/find-your-data\/<\/span><\/a><\/span><\/p>\n<p><span style=\"color: #70735e;\"><a style=\"color: #70735e;\" href=\"https:\/\/petbunara.com\/hr\/pretraga-podataka\/\"><span style=\"font-weight: 400;\">https:\/\/petbunara.com\/hr\/pretraga-podataka\/<\/span><\/a><\/span><\/p>\n<p><span style=\"font-weight: 400;\">Slanjem upita, potpisom ugovora ili neposrednim kontaktom, korisnik dobrovoljno stavlja na raspolaganje svoje i podatke i time dozvoljava da se isti koriste u cilju za\u0161tite osobnih interesa u svim poslovima koje ugovara s Manifest.d.o.o.<\/span><\/p>\n<p><span style=\"font-weight: 400;\">Skupljanje i obrada osobnih podataka korisnika uklju\u010duje i proslje\u0111ivanje istih tre\u0107im osobama i trgova\u010dkim dru\u0161tvima u Republici Hrvatskoj i inozemstvu. Tre\u0107im osobama smatraju se sve fizi\u010dke osobe i trgova\u010dka dru\u0161tva koje su neophodne za realizaciju ugovorenih poslova.<\/span><\/p>\n<p><span style=\"font-weight: 400;\">Pohrana podataka se vr\u0161i na neodre\u0111eno vrijeme.<\/span><\/p>\n<h4>Kori\u0161tenje kola\u010di\u0107a (cookies) na web stranici<\/h4>\n<hr \/>\n<p><span style=\"font-weight: 400;\">Kako bi se osigurao ispravan rad web stranice, ponekad na va\u0161e ure\u0111aje pohranjujemo male podatkovne datoteke poznate pod nazivom kola\u010di\u0107i. Isto \u010dini i ve\u0107ina velikih web-mjesta.<\/span><\/p>\n<p><b>\u0160to su kola\u010di\u0107i?<\/b><\/p>\n<hr \/>\n<p><span style=\"font-weight: 400;\">Kola\u010di\u0107 je mala tekstna datoteka koja se pohranjuje na ra\u010dunalo ili mobilni ure\u0111aj pri posjetu odre\u0111enom <\/span><i><span style=\"font-weight: 400;\">web<\/span><\/i><span style=\"font-weight: 400;\">-mjestu. S pomo\u0107u kola\u010di\u0107a <\/span><i><span style=\"font-weight: 400;\">web<\/span><\/i><span style=\"font-weight: 400;\">-mjesto pamti va\u0161e radnje i \u017eeljene postavke (poput prijave, jezika, veli\u010dine fonta i drugih \u017eeljenih postavki koje se odnose na prikaz) tijekom duljeg razdoblja, pa ih nije potrebno ponovno unositi pri svakom povratku na <\/span><i><span style=\"font-weight: 400;\">web<\/span><\/i><span style=\"font-weight: 400;\">-mjesto odnosno pri pregledavanju njegovih razli\u010ditih stranica.<\/span><\/p>\n<p><span style=\"font-weight: 400;\">Kola\u010di\u0107i (cookies) su podaci poslani sa web stranice i spremljeni na korisnikov internet preglednik, u toku pregledavanja web stranice. Svakim kori\u0161tenjem web stranice, preglednik \u0161alje kola\u010di\u0107e natrag na server, kako bi informirao web stranicu o prethodnim aktivnostima korisnika.<\/span><\/p>\n<p><span style=\"font-weight: 400;\">Kola\u010di\u0107i su dizajnirani kao pouzdani mehanizmi za pam\u0107enje informacija (kao \u0161to su npr. proizvodi ko\u0161arice), ili da bilje\u017ee druge korisnikove aktivnosti (klikanje na odre\u0111ene linkove, logiranje, posje\u0107ene stranice i sl..)<\/span><\/p>\n<p><span style=\"font-weight: 400;\">Na web stranici petbunara.com u svrhu uvida u statistiku posje\u0107enosti koristi se Google Analytics, koji omogu\u0107ava uvid u posje\u0107enost s izvora kao \u0161to su dru\u0161tvene mre\u017ee, e-mailovi, ogla\u0161iva\u010dke platforme, web tra\u017eilice i \u00a0drugi online servisi i alati.<\/span><\/p>\n<p><span style=\"font-weight: 400;\">Ukoliko korisnik ne \u017eeli prihvatiti kori\u0161tenje kola\u010di\u0107a na web stranici petbunara.com, mo\u017ee ih blokirati putem tipke na alatnoj traci koja se prikazuje u podno\u017eju web stranice.<\/span><\/p>\n<p><span style=\"font-weight: 400;\">Blokiranje kola\u010di\u0107a u internet preglednicima mogu\u0107e je uz upute na linku <\/span><span style=\"color: #70735e;\"><a style=\"color: #70735e;\" href=\"http:\/\/www.thewindowsclub.com\/disable-enable-cookies-internet-explorer\"><span style=\"font-weight: 400;\">http:\/\/www.thewindowsclub.com\/disable-enable-cookies-internet-explorer<\/span><\/a><span style=\"font-weight: 400;\">. <\/span><\/span><\/p>\n<p><span style=\"font-weight: 400;\">Ukoliko korisnik nakon prihva\u0107anja ili blokiranja \u017eeli promijeniti postavke kori\u0161tenja kola\u010di\u0107a putem alatne trake na web stranici (ponovno ih prihvatiti ih ili blokirati), mo\u017ee to napraviti najprije brisanjem kola\u010di\u0107a u svom internet pregledniku (vi\u0161o o tome na <\/span><span style=\"color: #70735e;\"><a style=\"color: #70735e;\" href=\"https:\/\/www.lifewire.com\/how-to-delete-cookies-2617981\"><span style=\"font-weight: 400;\">https:\/\/www.lifewire.com\/how-to-delete-cookies-2617981<\/span><\/a><\/span><span style=\"font-weight: 400;\">), nakon \u010dega \u0107e se prilikom sljede\u0107eg dolaska na web stranicu petbunara.com alatna traka s informacijama i kola\u010di\u0107ima ponovno pokazati. <\/span><\/p>\n<p><b>Kako se kontroliraju kola\u010di\u0107i?<\/b><\/p>\n<hr \/>\n<p><span style=\"font-weight: 400;\">Kola\u010di\u0107e mo\u017eete <\/span><b>kontrolirati i\/ili izbrisati<\/b><span style=\"font-weight: 400;\"> prema \u017eelji. Vi\u0161e informacija potra\u017eite na: <\/span><a href=\"http:\/\/www.aboutcookies.org\/\"><span style=\"font-weight: 400;\">aboutcookies.org<\/span><\/a><span style=\"font-weight: 400;\">. \u00a0Mo\u017eete izbrisati sve kola\u010di\u0107e koji su ve\u0107 pohranjeni na ra\u010dunalu, a postavke ve\u0107ine preglednika omogu\u0107uju blokiranje pohrane kola\u010di\u0107a. Ako blokirate kola\u010di\u0107e, mo\u017eda \u0107ete pri svakom posjetu <\/span><i><span style=\"font-weight: 400;\">web<\/span><\/i><span style=\"font-weight: 400;\">-mjestu morati ru\u010dno prilago\u0111ivati neke \u017eeljene postavke, a odre\u0111ene usluge i funkcije mo\u017eda ne\u0107e biti dostupne.<\/span><\/p>\n<p><span style=\"font-weight: 400;\">SVA PRAVA PRIDR\u017dANA<\/span><\/p>\n<p><span style=\"font-weight: 400;\">Ovi uvjeti primjenjuju se od 5.10.2018.<\/span><\/p>\n","protected":false},"excerpt":{"rendered":"<p>Podaci korisnika i njihova sigurnost Na odre\u0111enim mjestima unutar web stranice i u odre\u0111eno vrijeme, Manifest d.o.o. \u0107e prikupljati osobne podatke korisnika. Ti podaci \u0107e se koristiti u svrhu kontakata i evidencije korisnika, te u svrhu statisti\u010dke obrade posje\u0107enosti web stranice. Manifest.d.o.o. jam\u010di da podatke koje prikupi na taj na\u010din ne\u0107e prodavati. Ure\u0111ivanje i brisanje &hellip; <a href=\"https:\/\/petbunara.com\/hr\/uvjeti-koristenja\/\">Vi\u0161e<\/a><\/p>\n","protected":false},"author":1,"featured_media":0,"parent":0,"menu_order":0,"comment_status":"closed","ping_status":"closed","template":"","meta":{"_acf_changed":false,"footnotes":""},"class_list":["post-170","page","type-page","status-publish","hentry"],"acf":[],"yoast_head":"<!-- This site is optimized with the Yoast SEO plugin v23.7 - https:\/\/yoast.com\/wordpress\/plugins\/seo\/ -->\n<title>Uvjeti kori\u0161tenja - Pet Bunara<\/title>\n<meta name=\"robots\" content=\"index, follow, max-snippet:-1, max-image-preview:large, max-video-preview:-1\" \/>\n<link rel=\"canonical\" href=\"https:\/\/petbunara.com\/hr\/uvjeti-koristenja\/\" \/>\n<meta property=\"og:locale\" content=\"hr_HR\" \/>\n<meta property=\"og:type\" content=\"article\" \/>\n<meta property=\"og:title\" content=\"Uvjeti kori\u0161tenja - Pet Bunara\" \/>\n<meta property=\"og:description\" content=\"Podaci korisnika i njihova sigurnost Na odre\u0111enim mjestima unutar web stranice i u odre\u0111eno vrijeme, Manifest d.o.o. \u0107e prikupljati osobne podatke korisnika. Ti podaci \u0107e se koristiti u svrhu kontakata i evidencije korisnika, te u svrhu statisti\u010dke obrade posje\u0107enosti web stranice. Manifest.d.o.o. jam\u010di da podatke koje prikupi na taj na\u010din ne\u0107e prodavati. Ure\u0111ivanje i brisanje &hellip; Vi\u0161e\" \/>\n<meta property=\"og:url\" content=\"https:\/\/petbunara.com\/hr\/uvjeti-koristenja\/\" \/>\n<meta property=\"og:site_name\" content=\"Pet Bunara\" \/>\n<meta property=\"article:modified_time\" content=\"2018-10-07T15:18:13+00:00\" \/>\n<meta name=\"twitter:card\" content=\"summary_large_image\" \/>\n<meta name=\"twitter:label1\" content=\"Procijenjeno vrijeme \u010ditanja\" \/>\n\t<meta name=\"twitter:data1\" content=\"3 minute\" \/>\n<script type=\"application\/ld+json\" class=\"yoast-schema-graph\">{\"@context\":\"https:\/\/schema.org\",\"@graph\":[{\"@type\":\"WebPage\",\"@id\":\"https:\/\/petbunara.com\/hr\/uvjeti-koristenja\/\",\"url\":\"https:\/\/petbunara.com\/hr\/uvjeti-koristenja\/\",\"name\":\"Uvjeti kori\u0161tenja - Pet Bunara\",\"isPartOf\":{\"@id\":\"https:\/\/petbunara.com\/#website\"},\"datePublished\":\"2018-10-06T12:17:32+00:00\",\"dateModified\":\"2018-10-07T15:18:13+00:00\",\"breadcrumb\":{\"@id\":\"https:\/\/petbunara.com\/hr\/uvjeti-koristenja\/#breadcrumb\"},\"inLanguage\":\"hr\",\"potentialAction\":[{\"@type\":\"ReadAction\",\"target\":[\"https:\/\/petbunara.com\/hr\/uvjeti-koristenja\/\"]}]},{\"@type\":\"BreadcrumbList\",\"@id\":\"https:\/\/petbunara.com\/hr\/uvjeti-koristenja\/#breadcrumb\",\"itemListElement\":[{\"@type\":\"ListItem\",\"position\":1,\"name\":\"Home\",\"item\":\"https:\/\/petbunara.com\/hr\/\"},{\"@type\":\"ListItem\",\"position\":2,\"name\":\"Uvjeti kori\u0161tenja\"}]},{\"@type\":\"WebSite\",\"@id\":\"https:\/\/petbunara.com\/#website\",\"url\":\"https:\/\/petbunara.com\/\",\"name\":\"Pet Bunara\",\"description\":\"\",\"potentialAction\":[{\"@type\":\"SearchAction\",\"target\":{\"@type\":\"EntryPoint\",\"urlTemplate\":\"https:\/\/petbunara.com\/?s={search_term_string}\"},\"query-input\":{\"@type\":\"PropertyValueSpecification\",\"valueRequired\":true,\"valueName\":\"search_term_string\"}}],\"inLanguage\":\"hr\"}]}<\/script>\n<!-- \/ Yoast SEO plugin. -->","yoast_head_json":{"title":"Uvjeti kori\u0161tenja - Pet Bunara","robots":{"index":"index","follow":"follow","max-snippet":"max-snippet:-1","max-image-preview":"max-image-preview:large","max-video-preview":"max-video-preview:-1"},"canonical":"https:\/\/petbunara.com\/hr\/uvjeti-koristenja\/","og_locale":"hr_HR","og_type":"article","og_title":"Uvjeti kori\u0161tenja - Pet Bunara","og_description":"Podaci korisnika i njihova sigurnost Na odre\u0111enim mjestima unutar web stranice i u odre\u0111eno vrijeme, Manifest d.o.o. \u0107e prikupljati osobne podatke korisnika. Ti podaci \u0107e se koristiti u svrhu kontakata i evidencije korisnika, te u svrhu statisti\u010dke obrade posje\u0107enosti web stranice. Manifest.d.o.o. jam\u010di da podatke koje prikupi na taj na\u010din ne\u0107e prodavati. Ure\u0111ivanje i brisanje &hellip; Vi\u0161e","og_url":"https:\/\/petbunara.com\/hr\/uvjeti-koristenja\/","og_site_name":"Pet Bunara","article_modified_time":"2018-10-07T15:18:13+00:00","twitter_card":"summary_large_image","twitter_misc":{"Procijenjeno vrijeme \u010ditanja":"3 minute"},"schema":{"@context":"https:\/\/schema.org","@graph":[{"@type":"WebPage","@id":"https:\/\/petbunara.com\/hr\/uvjeti-koristenja\/","url":"https:\/\/petbunara.com\/hr\/uvjeti-koristenja\/","name":"Uvjeti kori\u0161tenja - Pet Bunara","isPartOf":{"@id":"https:\/\/petbunara.com\/#website"},"datePublished":"2018-10-06T12:17:32+00:00","dateModified":"2018-10-07T15:18:13+00:00","breadcrumb":{"@id":"https:\/\/petbunara.com\/hr\/uvjeti-koristenja\/#breadcrumb"},"inLanguage":"hr","potentialAction":[{"@type":"ReadAction","target":["https:\/\/petbunara.com\/hr\/uvjeti-koristenja\/"]}]},{"@type":"BreadcrumbList","@id":"https:\/\/petbunara.com\/hr\/uvjeti-koristenja\/#breadcrumb","itemListElement":[{"@type":"ListItem","position":1,"name":"Home","item":"https:\/\/petbunara.com\/hr\/"},{"@type":"ListItem","position":2,"name":"Uvjeti kori\u0161tenja"}]},{"@type":"WebSite","@id":"https:\/\/petbunara.com\/#website","url":"https:\/\/petbunara.com\/","name":"Pet Bunara","description":"","potentialAction":[{"@type":"SearchAction","target":{"@type":"EntryPoint","urlTemplate":"https:\/\/petbunara.com\/?s={search_term_string}"},"query-input":{"@type":"PropertyValueSpecification","valueRequired":true,"valueName":"search_term_string"}}],"inLanguage":"hr"}]}},"_links":{"self":[{"href":"https:\/\/petbunara.com\/hr\/wp-json\/wp\/v2\/pages\/170"}],"collection":[{"href":"https:\/\/petbunara.com\/hr\/wp-json\/wp\/v2\/pages"}],"about":[{"href":"https:\/\/petbunara.com\/hr\/wp-json\/wp\/v2\/types\/page"}],"author":[{"embeddable":true,"href":"https:\/\/petbunara.com\/hr\/wp-json\/wp\/v2\/users\/1"}],"replies":[{"embeddable":true,"href":"https:\/\/petbunara.com\/hr\/wp-json\/wp\/v2\/comments?post=170"}],"version-history":[{"count":0,"href":"https:\/\/petbunara.com\/hr\/wp-json\/wp\/v2\/pages\/170\/revisions"}],"wp:attachment":[{"href":"https:\/\/petbunara.com\/hr\/wp-json\/wp\/v2\/media?parent=170"}],"curies":[{"name":"wp","href":"https:\/\/api.w.org\/{rel}","templated":true}]}}